{"id":75654,"date":"2023-12-28T16:57:52","date_gmt":"2023-12-28T15:57:52","guid":{"rendered":"https:\/\/www.aubert-hug.ch\/me-jonathan-jenny\/"},"modified":"2024-06-11T16:52:19","modified_gmt":"2024-06-11T14:52:19","slug":"me-jonathan-jenny","status":"publish","type":"page","link":"https:\/\/www.a2l.ch\/en\/me-jonathan-jenny\/","title":{"rendered":"Me Jonathan Jenny"},"content":{"rendered":"<div class=\"wpb-content-wrapper\"><p>[vc_row row_height_percent=&#8221;0&#8243; override_padding=&#8221;yes&#8221; h_padding=&#8221;2&#8243; top_padding=&#8221;0&#8243; bottom_padding=&#8221;0&#8243; overlay_alpha=&#8221;50&#8243; gutter_size=&#8221;3&#8243; column_width_percent=&#8221;100&#8243; shift_y=&#8221;0&#8243; z_index=&#8221;0&#8243; css=&#8221;.vc_custom_1636024643056{margin-top: 50px !important;margin-bottom: 15px !important;}&#8221; row_name=&#8221;image index&#8221; uncode_shortcode_id=&#8221;160216&#8243;][vc_column width=&#8221;2\/3&#8243;][vc_custom_heading text_font=&#8221;font-689993&#8243; text_size=&#8221;fontsize-561701&#8243; uncode_shortcode_id=&#8221;166624&#8243;]Me Jonathan Jenny[\/vc_custom_heading][\/vc_column][vc_column width=&#8221;1\/3&#8243;][\/vc_column][\/vc_row][vc_row row_height_percent=&#8221;0&#8243; override_padding=&#8221;yes&#8221; h_padding=&#8221;2&#8243; top_padding=&#8221;0&#8243; bottom_padding=&#8221;3&#8243; overlay_alpha=&#8221;50&#8243; gutter_size=&#8221;3&#8243; column_width_percent=&#8221;100&#8243; shift_y=&#8221;0&#8243; z_index=&#8221;0&#8243; medium_visibility=&#8221;yes&#8221; mobile_visibility=&#8221;yes&#8221; css=&#8221;.vc_custom_1636017621761{margin-top: 15px !important;}&#8221; uncode_shortcode_id=&#8221;168603&#8243;][vc_column column_width_percent=&#8221;100&#8243; gutter_size=&#8221;3&#8243; overlay_alpha=&#8221;50&#8243; shift_x=&#8221;0&#8243; shift_y=&#8221;0&#8243; shift_y_down=&#8221;0&#8243; z_index=&#8221;0&#8243; medium_width=&#8221;4&#8243; mobile_width=&#8221;0&#8243; width=&#8221;2\/3&#8243; uncode_shortcode_id=&#8221;276447&#8243;][vc_column_text uncode_shortcode_id=&#8221;532203&#8243;]<span class=\"font-860899\" style=\"color: #000000; font-size: 13px;\">Jonathan Jenny studied law (Bachelor and Master) in Geneva and Neuch\u00e2tel. During this period, he assisted several professors with various projects at the Faculty of Law. Throughout his studies, he participated in the 2012 Swiss Moot Court and won the 2014 edition of the International Mediation Competition organized by the Center for Mediation and Arbitration of Paris (CMAP). After obtaining a grant from the Swiss National Science Foundation (SNSF), Mr. Jenny worked as a research assistant for the University of Neuch\u00e2tel. He is currently writing his doctoral thesis on judicial conciliation in civil matters.<\/span><\/p>\n<p><span class=\"font-860899\" style=\"color: #000000; font-size: 13px;\">Mr. Jenny holds a Certificate of advance studies (CAS) in mediation awarded by the School of Social Work of Geneva (HETS-Gen\u00e8ve), and also practices as a mediator. He is a member of the Neuch\u00e2tel association for the promotion of mediation (M\u00e9diaNE), and served on its committee from 2014 to 2023. He has also had the opportunity to guest lecture at the University of Neuch\u00e2tel and has been invited as a speaker or moderator of debate at various conferences and seminars on negotiation and conflict resolution.<\/span><\/p>\n<p><span class=\"font-860899\" style=\"color: #000000; font-size: 13px;\">After completing his internship and obtaining his lawyer\u2019s license in the canton, Mr. Jenny worked as an associate in a local law firm. On January 1, 2024, he joined forces with Oriane Aubert, Gautier Aubert, Dario Hug and Caroline Sidler to establish the A2L law firm.<\/span><\/p>\n<p><span class=\"font-860899\" style=\"color: #000000; font-size: 13px;\">Mr. Jenny can represent you in all areas of law and before all judicial and non-judicial authorities. Drawing on his experience in negotiation and conflict resolution, he places great emphasis on finding creative and sustainable solutions for his clients. A native French speaker, Mr. Jenny also has proficiency in English and communicates in Italian. He is able to advise and represent you in several languages.<\/span>[\/vc_column_text][vc_custom_heading text_font=&#8221;font-689993&#8243; text_size=&#8221;fontsize-561701&#8243; uncode_shortcode_id=&#8221;134182&#8243;]Areas of expertise[\/vc_custom_heading][vc_row_inner row_inner_height_percent=&#8221;0&#8243; overlay_alpha=&#8221;50&#8243; gutter_size=&#8221;3&#8243; shift_y=&#8221;0&#8243; z_index=&#8221;0&#8243; css=&#8221;.vc_custom_1542285681292{margin-top: 10px !important;}&#8221;][vc_column_inner column_width_percent=&#8221;100&#8243; gutter_size=&#8221;3&#8243; overlay_alpha=&#8221;50&#8243; shift_x=&#8221;0&#8243; shift_y=&#8221;0&#8243; shift_y_down=&#8221;0&#8243; z_index=&#8221;0&#8243; medium_width=&#8221;4&#8243; mobile_width=&#8221;0&#8243; width=&#8221;1\/1&#8243; uncode_shortcode_id=&#8221;177430&#8243;][vc_custom_heading heading_semantic=&#8221;h5&#8243; text_size=&#8221;fontsize-128386&#8243; uncode_shortcode_id=&#8221;153728&#8243;]Matrimonial law<\/p>\n<p>Contract law (in particular <a href=\"https:\/\/www.aubert-hug.ch\/en\/civil-law\/#employment\" target=\"_blank\" rel=\"noopener\">employment<\/a>, <a href=\"https:\/\/www.aubert-hug.ch\/en\/civil-law\/#lease\" target=\"_blank\" rel=\"noopener\">lease<\/a> and enterprise)<\/p>\n<p><a href=\"https:\/\/www.aubert-hug.ch\/en\/administrative-law\/\" target=\"_blank\" rel=\"noopener\">Administrative<\/a> law (in particular migration and <a href=\"https:\/\/www.aubert-hug.ch\/en\/administrative-law\/#socialinsurances\" target=\"_blank\" rel=\"noopener\">social insurances<\/a>)<\/p>\n<p><a href=\"https:\/\/www.aubert-hug.ch\/en\/criminal-law\/\" target=\"_blank\" rel=\"noopener\">Criminal law<\/a><\/p>\n<p><a href=\"https:\/\/www.aubert-hug.ch\/en\/mediation\/\" target=\"_blank\" rel=\"noopener\">Mediation<\/a> and negociation[\/vc_custom_heading][\/vc_column_inner][\/vc_row_inner][\/vc_column][vc_column column_width_percent=&#8221;100&#8243; position_horizontal=&#8221;right&#8221; gutter_size=&#8221;3&#8243; override_padding=&#8221;yes&#8221; column_padding=&#8221;0&#8243; overlay_alpha=&#8221;50&#8243; shift_x=&#8221;2&#8243; shift_y=&#8221;-2&#8243; shift_y_down=&#8221;0&#8243; z_index=&#8221;0&#8243; medium_width=&#8221;4&#8243; mobile_width=&#8221;0&#8243; width=&#8221;1\/3&#8243; uncode_shortcode_id=&#8221;826624&#8243;][vc_single_image media=&#8221;75363&#8243; media_width_percent=&#8221;70&#8243; uncode_shortcode_id=&#8221;131960&#8243;][vc_custom_heading heading_semantic=&#8221;h4&#8243; text_size=&#8221;fontsize-194182&#8243; el_class=&#8221;newSpace&#8221; uncode_shortcode_id=&#8221;300685&#8243;]<\/p>\n<p style=\"margin-left: 5px; margin-top: 0px;\">Me Jonathan Jenny<\/p>\n<p>[\/vc_custom_heading][vc_custom_heading text_size=&#8221;fontsize-153024&#8243; el_class=&#8221;newSpace2&#8243; uncode_shortcode_id=&#8221;821363&#8243;]<\/p>\n<p style=\"color: #777777; font-size: 12px; margin-left: 5px;\">Admitted to the Neuch\u00e2tel bar<\/p>\n<p>[\/vc_custom_heading][vc_empty_space empty_h=&#8221;1&#8243;][vc_custom_heading text_size=&#8221;fontsize-153024&#8243; el_class=&#8221;newSpace3&#8243; uncode_shortcode_id=&#8221;194561&#8243;]<\/p>\n<p style=\"color: #777777; font-size: 12px; margin-left: 5px;\">jonathan.jenny@a2l.ch<\/p>\n<p>[\/vc_custom_heading][vc_custom_heading text_size=&#8221;fontsize-153024&#8243; el_class=&#8221;newSpace2&#8243; uncode_shortcode_id=&#8221;150856&#8243;]<\/p>\n<p style=\"color: #777777; font-size: 12px; margin-left: 5px;\"><a href=\"tel:+41327512050\"><span style=\"color: #777777;\">T 032 751 20 50<\/span><\/a><\/p>\n<p>[\/vc_custom_heading][vc_button border_width=&#8221;0&#8243; el_class=&#8221;btnauberthug&#8221; link=&#8221;url:mailto%3Ajonathan.jenny%40a2l.ch|&#8221; uncode_shortcode_id=&#8221;256577&#8243;]CONTACT ME[\/vc_button][\/vc_column][\/vc_row][vc_row row_height_percent=&#8221;0&#8243; override_padding=&#8221;yes&#8221; h_padding=&#8221;2&#8243; top_padding=&#8221;0&#8243; bottom_padding=&#8221;2&#8243; overlay_alpha=&#8221;50&#8243; gutter_size=&#8221;3&#8243; column_width_percent=&#8221;100&#8243; shift_y=&#8221;0&#8243; z_index=&#8221;0&#8243; desktop_visibility=&#8221;yes&#8221; mobile_visibility=&#8221;yes&#8221; css=&#8221;.vc_custom_1636017644659{margin-top: 15px !important;}&#8221; uncode_shortcode_id=&#8221;451698&#8243;][vc_column column_width_percent=&#8221;100&#8243; position_vertical=&#8221;bottom&#8221; gutter_size=&#8221;3&#8243; overlay_alpha=&#8221;50&#8243; shift_x=&#8221;0&#8243; shift_y=&#8221;0&#8243; shift_y_down=&#8221;0&#8243; z_index=&#8221;0&#8243; medium_width=&#8221;4&#8243; mobile_width=&#8221;0&#8243; width=&#8221;2\/3&#8243; uncode_shortcode_id=&#8221;170037&#8243;][vc_column_text uncode_shortcode_id=&#8221;532203&#8243;]<span class=\"font-860899\" style=\"color: #000000; font-size: 13px;\">Jonathan Jenny studied law (Bachelor and Master) in Geneva and Neuch\u00e2tel. During this period, he assisted several professors with various projects at the Faculty of Law. Throughout his studies, he participated in the 2012 Swiss Moot Court and won the 2014 edition of the International Mediation Competition organized by the Center for Mediation and Arbitration of Paris (CMAP). After obtaining a grant from the Swiss National Science Foundation (SNSF), Mr. Jenny worked as a research assistant for the University of Neuch\u00e2tel. He is currently writing his doctoral thesis on judicial conciliation in civil matters.<\/span><\/p>\n<p><span class=\"font-860899\" style=\"color: #000000; font-size: 13px;\">Mr. Jenny holds a Certificate of advance studies (CAS) in mediation awarded by the School of Social Work of Geneva (HETS-Gen\u00e8ve), and also practices as a mediator. He is a member of the Neuch\u00e2tel association for the promotion of mediation (M\u00e9diaNE), and served on its committee from 2014 to 2023. He has also had the opportunity to guest lecture at the University of Neuch\u00e2tel and has been invited as a speaker or moderator of debate at various conferences and seminars on negotiation and conflict resolution.<\/span><\/p>\n<p><span class=\"font-860899\" style=\"color: #000000; font-size: 13px;\">After completing his internship and obtaining his lawyer\u2019s license in the canton, Mr. Jenny worked as an associate in a local law firm. On January 1, 2024, he joined forces with Oriane Aubert, Gautier Aubert, Dario Hug and Caroline Sidler to establish the A2L law firm.<\/span><\/p>\n<p><span class=\"font-860899\" style=\"color: #000000; font-size: 13px;\">Mr. Jenny can represent you in all areas of law and before all judicial and non-judicial authorities. Drawing on his experience in negotiation and conflict resolution, he places great emphasis on finding creative and sustainable solutions for his clients. A native French speaker, Mr. Jenny also has proficiency in English and communicates in Italian. He is able to advise and represent you in several languages.<\/span>[\/vc_column_text][\/vc_column][vc_column column_width_percent=&#8221;100&#8243; position_horizontal=&#8221;right&#8221; position_vertical=&#8221;bottom&#8221; gutter_size=&#8221;3&#8243; override_padding=&#8221;yes&#8221; column_padding=&#8221;0&#8243; overlay_alpha=&#8221;50&#8243; shift_x=&#8221;2&#8243; shift_y=&#8221;-2&#8243; shift_y_down=&#8221;0&#8243; z_index=&#8221;0&#8243; medium_width=&#8221;4&#8243; mobile_width=&#8221;0&#8243; width=&#8221;1\/3&#8243; uncode_shortcode_id=&#8221;420310&#8243;][vc_single_image media=&#8221;75363&#8243; media_width_percent=&#8221;70&#8243; uncode_shortcode_id=&#8221;680430&#8243;][\/vc_column][\/vc_row][vc_row row_height_percent=&#8221;0&#8243; override_padding=&#8221;yes&#8221; h_padding=&#8221;2&#8243; top_padding=&#8221;0&#8243; bottom_padding=&#8221;3&#8243; overlay_alpha=&#8221;50&#8243; gutter_size=&#8221;3&#8243; column_width_percent=&#8221;100&#8243; shift_y=&#8221;0&#8243; z_index=&#8221;0&#8243; desktop_visibility=&#8221;yes&#8221; mobile_visibility=&#8221;yes&#8221; css=&#8221;.vc_custom_1636017628017{margin-top: 15px !important;}&#8221; uncode_shortcode_id=&#8221;939428&#8243;][vc_column column_width_percent=&#8221;100&#8243; gutter_size=&#8221;3&#8243; overlay_alpha=&#8221;50&#8243; shift_x=&#8221;0&#8243; shift_y=&#8221;0&#8243; shift_y_down=&#8221;0&#8243; z_index=&#8221;0&#8243; medium_width=&#8221;4&#8243; mobile_width=&#8221;0&#8243; width=&#8221;2\/3&#8243; uncode_shortcode_id=&#8221;276447&#8243;][vc_custom_heading text_font=&#8221;font-689993&#8243; text_size=&#8221;fontsize-561701&#8243; uncode_shortcode_id=&#8221;194164&#8243;]Areas of expertise[\/vc_custom_heading][vc_row_inner row_inner_height_percent=&#8221;0&#8243; overlay_alpha=&#8221;50&#8243; gutter_size=&#8221;3&#8243; shift_y=&#8221;0&#8243; z_index=&#8221;0&#8243; css=&#8221;.vc_custom_1542285681292{margin-top: 10px !important;}&#8221;][vc_column_inner column_width_percent=&#8221;100&#8243; gutter_size=&#8221;3&#8243; overlay_alpha=&#8221;50&#8243; shift_x=&#8221;0&#8243; shift_y=&#8221;0&#8243; shift_y_down=&#8221;0&#8243; z_index=&#8221;0&#8243; medium_width=&#8221;4&#8243; mobile_width=&#8221;0&#8243; width=&#8221;1\/1&#8243; uncode_shortcode_id=&#8221;177430&#8243;][vc_custom_heading heading_semantic=&#8221;h5&#8243; text_size=&#8221;fontsize-128386&#8243; uncode_shortcode_id=&#8221;938021&#8243;]Matrimonial law<\/p>\n<p>Contract law (in particular <a href=\"https:\/\/www.aubert-hug.ch\/en\/civil-law\/#employment\" target=\"_blank\" rel=\"noopener\">employment<\/a>, <a href=\"https:\/\/www.aubert-hug.ch\/en\/civil-law\/#lease\" target=\"_blank\" rel=\"noopener\">lease<\/a> and enterprise)<\/p>\n<p><a href=\"https:\/\/www.aubert-hug.ch\/en\/administrative-law\/\" target=\"_blank\" rel=\"noopener\">Administrative<\/a> law (in particular migration and <a href=\"https:\/\/www.aubert-hug.ch\/en\/administrative-law\/#socialinsurances\" target=\"_blank\" rel=\"noopener\">social insurances<\/a>)<\/p>\n<p><a href=\"https:\/\/www.aubert-hug.ch\/en\/criminal-law\/\" target=\"_blank\" rel=\"noopener\">Criminal law<\/a><\/p>\n<p><a href=\"https:\/\/www.aubert-hug.ch\/en\/mediation\/\" target=\"_blank\" rel=\"noopener\">Mediation<\/a> and negociation[\/vc_custom_heading][\/vc_column_inner][\/vc_row_inner][\/vc_column][vc_column column_width_percent=&#8221;100&#8243; position_horizontal=&#8221;right&#8221; gutter_size=&#8221;3&#8243; override_padding=&#8221;yes&#8221; column_padding=&#8221;0&#8243; overlay_alpha=&#8221;50&#8243; shift_x=&#8221;2&#8243; shift_y=&#8221;-2&#8243; shift_y_down=&#8221;0&#8243; z_index=&#8221;0&#8243; medium_width=&#8221;4&#8243; mobile_width=&#8221;0&#8243; width=&#8221;1\/3&#8243; uncode_shortcode_id=&#8221;143639&#8243;][vc_empty_space empty_h=&#8221;0&#8243;][vc_custom_heading heading_semantic=&#8221;h4&#8243; text_size=&#8221;fontsize-194182&#8243; el_class=&#8221;newSpace&#8221; uncode_shortcode_id=&#8221;164836&#8243;]<\/p>\n<p style=\"margin-left: 5px; margin-top: 0px;\">Me Jonathan Jenny<\/p>\n<p>[\/vc_custom_heading][vc_custom_heading text_size=&#8221;fontsize-153024&#8243; el_class=&#8221;newSpace2&#8243; uncode_shortcode_id=&#8221;982013&#8243;]<\/p>\n<p style=\"color: #777777; font-size: 12px; margin-left: 5px;\">Admitted to the Neuch\u00e2tel bar<\/p>\n<p>[\/vc_custom_heading][vc_empty_space empty_h=&#8221;1&#8243;][vc_custom_heading text_size=&#8221;fontsize-153024&#8243; el_class=&#8221;newSpace3&#8243; uncode_shortcode_id=&#8221;454729&#8243;]<\/p>\n<p style=\"color: #777777; font-size: 12px; margin-left: 5px;\">jonathan.jenny@a2l.ch<\/p>\n<p>[\/vc_custom_heading][vc_custom_heading text_size=&#8221;fontsize-153024&#8243; el_class=&#8221;newSpace2&#8243; uncode_shortcode_id=&#8221;115217&#8243;]<\/p>\n<p style=\"color: #777777; font-size: 12px; margin-left: 5px;\"><a href=\"tel:+41327512050\"><span style=\"color: #777777;\">T 032 751 20 50<\/span><\/a><\/p>\n<p>[\/vc_custom_heading][vc_button border_width=&#8221;0&#8243; el_class=&#8221;btnauberthug&#8221; link=&#8221;url:mailto%3Ajonathan.jenny%40a2l.ch|&#8221; uncode_shortcode_id=&#8221;421127&#8243;]CONTACT ME[\/vc_button][\/vc_column][\/vc_row][vc_row row_height_percent=&#8221;0&#8243; override_padding=&#8221;yes&#8221; h_padding=&#8221;2&#8243; top_padding=&#8221;0&#8243; bottom_padding=&#8221;0&#8243; overlay_alpha=&#8221;50&#8243; gutter_size=&#8221;3&#8243; column_width_percent=&#8221;100&#8243; shift_y=&#8221;0&#8243; z_index=&#8221;0&#8243; desktop_visibility=&#8221;yes&#8221; medium_visibility=&#8221;yes&#8221; css=&#8221;.vc_custom_1636018808170{margin-top: 15px !important;}&#8221; uncode_shortcode_id=&#8221;137784&#8243;][vc_column column_width_percent=&#8221;100&#8243; gutter_size=&#8221;3&#8243; overlay_alpha=&#8221;50&#8243; shift_x=&#8221;0&#8243; shift_y=&#8221;0&#8243; shift_y_down=&#8221;0&#8243; z_index=&#8221;0&#8243; medium_width=&#8221;0&#8243; align_mobile=&#8221;align_left_mobile&#8221; mobile_width=&#8221;0&#8243; width=&#8221;1\/1&#8243;][vc_column_text uncode_shortcode_id=&#8221;532203&#8243;]<span class=\"font-860899\" style=\"color: #000000; font-size: 13px;\">Jonathan Jenny studied law (Bachelor and Master) in Geneva and Neuch\u00e2tel. During this period, he assisted several professors with various projects at the Faculty of Law. Throughout his studies, he participated in the 2012 Swiss Moot Court and won the 2014 edition of the International Mediation Competition organized by the Center for Mediation and Arbitration of Paris (CMAP). After obtaining a grant from the Swiss National Science Foundation (SNSF), Mr. Jenny worked as a research assistant for the University of Neuch\u00e2tel. He is currently writing his doctoral thesis on judicial conciliation in civil matters.<\/span><\/p>\n<p><span class=\"font-860899\" style=\"color: #000000; font-size: 13px;\">Mr. Jenny holds a Certificate of advance studies (CAS) in mediation awarded by the School of Social Work of Geneva (HETS-Gen\u00e8ve), and also practices as a mediator. He is a member of the Neuch\u00e2tel association for the promotion of mediation (M\u00e9diaNE), and served on its committee from 2014 to 2023. He has also had the opportunity to guest lecture at the University of Neuch\u00e2tel and has been invited as a speaker or moderator of debate at various conferences and seminars on negotiation and conflict resolution.<\/span><\/p>\n<p><span class=\"font-860899\" style=\"color: #000000; font-size: 13px;\">After completing his internship and obtaining his lawyer\u2019s license in the canton, Mr. Jenny worked as an associate in a local law firm. On January 1, 2024, he joined forces with Oriane Aubert, Gautier Aubert, Dario Hug and Caroline Sidler to establish the A2L law firm.<\/span><\/p>\n<p><span class=\"font-860899\" style=\"color: #000000; font-size: 13px;\">Mr. Jenny can represent you in all areas of law and before all judicial and non-judicial authorities. Drawing on his experience in negotiation and conflict resolution, he places great emphasis on finding creative and sustainable solutions for his clients. A native French speaker, Mr. Jenny also has proficiency in English and communicates in Italian. He is able to advise and represent you in several languages.<\/span>[\/vc_column_text][\/vc_column][\/vc_row][vc_row row_height_percent=&#8221;0&#8243; override_padding=&#8221;yes&#8221; h_padding=&#8221;2&#8243; top_padding=&#8221;0&#8243; bottom_padding=&#8221;0&#8243; overlay_alpha=&#8221;50&#8243; gutter_size=&#8221;3&#8243; column_width_percent=&#8221;100&#8243; shift_y=&#8221;0&#8243; z_index=&#8221;0&#8243; desktop_visibility=&#8221;yes&#8221; medium_visibility=&#8221;yes&#8221; css=&#8221;.vc_custom_1636018813972{margin-top: 30px !important;}&#8221; uncode_shortcode_id=&#8221;829603&#8243;][vc_column width=&#8221;1\/1&#8243;][vc_single_image media=&#8221;75363&#8243; media_width_percent=&#8221;70&#8243; uncode_shortcode_id=&#8221;153919&#8243;][vc_custom_heading heading_semantic=&#8221;h4&#8243; text_size=&#8221;fontsize-194182&#8243; el_class=&#8221;newSpace&#8221; uncode_shortcode_id=&#8221;924573&#8243;]Me Jonathan Jenny[\/vc_custom_heading][vc_custom_heading text_size=&#8221;fontsize-153024&#8243; el_class=&#8221;newSpace2&#8243; uncode_shortcode_id=&#8221;205484&#8243;]<\/p>\n<p style=\"color: #777777; font-size: 12px;\">Admitted to the Neuch\u00e2tel bar<\/p>\n<p>[\/vc_custom_heading][vc_empty_space empty_h=&#8221;1&#8243;][vc_custom_heading text_size=&#8221;fontsize-153024&#8243; el_class=&#8221;newSpace3&#8243; uncode_shortcode_id=&#8221;955625&#8243;]<\/p>\n<p style=\"color: #777777; font-size: 12px; margin-left: 5px;\">jonathan.jenny@a2l.ch<\/p>\n<p>[\/vc_custom_heading][vc_custom_heading text_size=&#8221;fontsize-153024&#8243; el_class=&#8221;newSpace2&#8243;]<\/p>\n<p style=\"color: #777777; font-size: 12px;\">T 032 751 20 50<\/p>\n<p>[\/vc_custom_heading][vc_button border_width=&#8221;0&#8243; el_class=&#8221;btnauberthug&#8221; link=&#8221;url:mailto%3Ajonathan.jenny%40a2l.ch|&#8221; uncode_shortcode_id=&#8221;774792&#8243;]CONTACT ME[\/vc_button][\/vc_column][\/vc_row][vc_row row_height_percent=&#8221;0&#8243; override_padding=&#8221;yes&#8221; h_padding=&#8221;2&#8243; top_padding=&#8221;2&#8243; bottom_padding=&#8221;0&#8243; overlay_alpha=&#8221;50&#8243; gutter_size=&#8221;3&#8243; column_width_percent=&#8221;100&#8243; shift_y=&#8221;0&#8243; z_index=&#8221;0&#8243; desktop_visibility=&#8221;yes&#8221; medium_visibility=&#8221;yes&#8221; uncode_shortcode_id=&#8221;818961&#8243;][vc_column width=&#8221;1\/1&#8243;][vc_custom_heading text_font=&#8221;font-689993&#8243; text_size=&#8221;fontsize-561701&#8243; uncode_shortcode_id=&#8221;143238&#8243;]Areas of expertise[\/vc_custom_heading][\/vc_column][\/vc_row][vc_row row_height_percent=&#8221;0&#8243; override_padding=&#8221;yes&#8221; h_padding=&#8221;2&#8243; top_padding=&#8221;0&#8243; bottom_padding=&#8221;2&#8243; overlay_alpha=&#8221;50&#8243; gutter_size=&#8221;3&#8243; column_width_percent=&#8221;100&#8243; shift_y=&#8221;0&#8243; z_index=&#8221;0&#8243; desktop_visibility=&#8221;yes&#8221; medium_visibility=&#8221;yes&#8221; css=&#8221;.vc_custom_1636018825869{margin-top: 15px !important;}&#8221; uncode_shortcode_id=&#8221;889465&#8243;][vc_column width=&#8221;1\/1&#8243;][vc_custom_heading heading_semantic=&#8221;h5&#8243; text_size=&#8221;fontsize-128386&#8243; uncode_shortcode_id=&#8221;938021&#8243;]Matrimonial law<\/p>\n<p>Contract law (in particular <a href=\"https:\/\/www.aubert-hug.ch\/en\/civil-law\/#employment\" target=\"_blank\" rel=\"noopener\">employment<\/a>, <a href=\"https:\/\/www.aubert-hug.ch\/en\/civil-law\/#lease\" target=\"_blank\" rel=\"noopener\">lease<\/a> and enterprise)<\/p>\n<p><a href=\"https:\/\/www.aubert-hug.ch\/en\/administrative-law\/\" target=\"_blank\" rel=\"noopener\">Administrative<\/a> law (in particular migration and <a href=\"https:\/\/www.aubert-hug.ch\/en\/administrative-law\/#socialinsurances\" target=\"_blank\" rel=\"noopener\">social insurances<\/a>)<\/p>\n<p><a href=\"https:\/\/www.aubert-hug.ch\/en\/criminal-law\/\" target=\"_blank\" rel=\"noopener\">Criminal law<\/a><\/p>\n<p><a href=\"https:\/\/www.aubert-hug.ch\/en\/mediation\/\" target=\"_blank\" rel=\"noopener\">Mediation<\/a> and negociation[\/vc_custom_heading][\/vc_column][\/vc_row]<\/p>\n<\/div>","protected":false},"excerpt":{"rendered":"<p>[vc_row row_height_percent=&#8221;0&#8243; override_padding=&#8221;yes&#8221; h_padding=&#8221;2&#8243; top_padding=&#8221;0&#8243; bottom_padding=&#8221;0&#8243; overlay_alpha=&#8221;50&#8243; gutter_size=&#8221;3&#8243; column_width_percent=&#8221;100&#8243; shift_y=&#8221;0&#8243; z_index=&#8221;0&#8243; css=&#8221;.vc_custom_1636024643056{margin-top: 50px !important;margin-bottom: 15px !important;}&#8221; row_name=&#8221;image index&#8221; uncode_shortcode_id=&#8221;160216&#8243;][vc_column width=&#8221;2\/3&#8243;][vc_custom_heading [&hellip;]<\/p>\n","protected":false},"author":3,"featured_media":0,"parent":0,"menu_order":0,"comment_status":"closed","ping_status":"closed","template":"","meta":{"footnotes":""},"class_list":["post-75654","page","type-page","status-publish","hentry"],"_links":{"self":[{"href":"https:\/\/www.a2l.ch\/en\/wp-json\/wp\/v2\/pages\/75654","targetHints":{"allow":["GET"]}}],"collection":[{"href":"https:\/\/www.a2l.ch\/en\/wp-json\/wp\/v2\/pages"}],"about":[{"href":"https:\/\/www.a2l.ch\/en\/wp-json\/wp\/v2\/types\/page"}],"author":[{"embeddable":true,"href":"https:\/\/www.a2l.ch\/en\/wp-json\/wp\/v2\/users\/3"}],"replies":[{"embeddable":true,"href":"https:\/\/www.a2l.ch\/en\/wp-json\/wp\/v2\/comments?post=75654"}],"version-history":[{"count":7,"href":"https:\/\/www.a2l.ch\/en\/wp-json\/wp\/v2\/pages\/75654\/revisions"}],"predecessor-version":[{"id":75907,"href":"https:\/\/www.a2l.ch\/en\/wp-json\/wp\/v2\/pages\/75654\/revisions\/75907"}],"wp:attachment":[{"href":"https:\/\/www.a2l.ch\/en\/wp-json\/wp\/v2\/media?parent=75654"}],"curies":[{"name":"wp","href":"https:\/\/api.w.org\/{rel}","templated":true}]}}