{"id":75464,"date":"2023-12-27T16:46:14","date_gmt":"2023-12-27T15:46:14","guid":{"rendered":"https:\/\/www.aubert-hug.ch\/mr-oriane-aubert\/"},"modified":"2024-06-11T16:34:13","modified_gmt":"2024-06-11T14:34:13","slug":"me-oriane-aubert","status":"publish","type":"page","link":"https:\/\/www.a2l.ch\/en\/me-oriane-aubert\/","title":{"rendered":"Me Oriane Aubert"},"content":{"rendered":"<div class=\"wpb-content-wrapper\"><p>[vc_row row_height_percent=&#8221;0&#8243; override_padding=&#8221;yes&#8221; h_padding=&#8221;2&#8243; top_padding=&#8221;0&#8243; bottom_padding=&#8221;0&#8243; overlay_alpha=&#8221;50&#8243; gutter_size=&#8221;3&#8243; column_width_percent=&#8221;100&#8243; shift_y=&#8221;0&#8243; z_index=&#8221;0&#8243; css=&#8221;.vc_custom_1636024643056{margin-top: 50px !important;margin-bottom: 15px !important;}&#8221; row_name=&#8221;image index&#8221; uncode_shortcode_id=&#8221;160216&#8243;][vc_column width=&#8221;2\/3&#8243;][vc_custom_heading text_font=&#8221;font-689993&#8243; text_size=&#8221;fontsize-561701&#8243; uncode_shortcode_id=&#8221;277452&#8243;]Mr Oriane Aubert[\/vc_custom_heading][\/vc_column][vc_column width=&#8221;1\/3&#8243;][\/vc_column][\/vc_row][vc_row row_height_percent=&#8221;0&#8243; override_padding=&#8221;yes&#8221; h_padding=&#8221;2&#8243; top_padding=&#8221;0&#8243; bottom_padding=&#8221;3&#8243; overlay_alpha=&#8221;50&#8243; gutter_size=&#8221;3&#8243; column_width_percent=&#8221;100&#8243; shift_y=&#8221;0&#8243; z_index=&#8221;0&#8243; medium_visibility=&#8221;yes&#8221; mobile_visibility=&#8221;yes&#8221; css=&#8221;.vc_custom_1636017621761{margin-top: 15px !important;}&#8221; uncode_shortcode_id=&#8221;168603&#8243;][vc_column column_width_percent=&#8221;100&#8243; gutter_size=&#8221;3&#8243; overlay_alpha=&#8221;50&#8243; shift_x=&#8221;0&#8243; shift_y=&#8221;0&#8243; shift_y_down=&#8221;0&#8243; z_index=&#8221;0&#8243; medium_width=&#8221;4&#8243; mobile_width=&#8221;0&#8243; width=&#8221;2\/3&#8243; uncode_shortcode_id=&#8221;276447&#8243;][vc_column_text uncode_shortcode_id=&#8221;289291&#8243;]<span class=\"font-860899\" style=\"color: #000000; font-size: 13px;\">After her university studies, Me Oriane Aubert successfully passed the Bar Exam in Neuch\u00e2tel in July 2016. She then worked at the <a href=\"https:\/\/fr.ombudscom.ch\/\">Ombudscom<\/a> (Ombudsman in relation to telecommunications) and was then employed by the Federal Tax Administration (<a href=\"https:\/\/www.estv.admin.ch\/estv\/fr\/home.html\">FTA<\/a>) from January 2017 until July 2021, when she joined Etude Aubert-Hug as a Partner. <\/span><\/p>\n<p><span class=\"font-860899\" style=\"color: #000000; font-size: 13px;\">Me Oriane Aubert also graduated with a CAS and CAS+ in mediation from Fribourg University, and is currently an FSM (F\u00e9d\u00e9ration Suisse de M\u00e9diation)-recognized mediator. She is also a Member of the Neuch\u00e2tel\u2019s mediation association M\u00e9diaNe\u2019s committee <a href=\"https:\/\/www.medialogue.ch\/\">M\u00e9diaNe<\/a> therefore being actively involved in the promotion of the mediation in Neuch\u00e2tel.<\/span><\/p>\n<p><span class=\"font-860899\" style=\"color: #000000; font-size: 13px;\">Me Oriane Aubert works in parallel as a school mediator at the Ecole sup\u00e9rieure de Commerce in La Neuveville (BE), where she interacts, among others, with teenagers and young adults, in particular in order to deal with possible conflicts that they may face in this respect.<\/span><\/p>\n<p><span class=\"font-860899\" style=\"color: #000000; font-size: 13px;\">As of 1 January 2024, Me Oriane Aubert joined the new structure A2L as a Partner of the Law Firm. <\/span>[\/vc_column_text][vc_custom_heading text_font=&#8221;font-689993&#8243; text_size=&#8221;fontsize-561701&#8243; uncode_shortcode_id=&#8221;138255&#8243;]Areas of Expertise[\/vc_custom_heading][vc_row_inner row_inner_height_percent=&#8221;0&#8243; overlay_alpha=&#8221;50&#8243; gutter_size=&#8221;3&#8243; shift_y=&#8221;0&#8243; z_index=&#8221;0&#8243; css=&#8221;.vc_custom_1542285681292{margin-top: 10px !important;}&#8221;][vc_column_inner column_width_percent=&#8221;100&#8243; gutter_size=&#8221;3&#8243; overlay_alpha=&#8221;50&#8243; shift_x=&#8221;0&#8243; shift_y=&#8221;0&#8243; shift_y_down=&#8221;0&#8243; z_index=&#8221;0&#8243; medium_width=&#8221;4&#8243; mobile_width=&#8221;0&#8243; width=&#8221;1\/2&#8243; uncode_shortcode_id=&#8221;177430&#8243;][vc_custom_heading heading_semantic=&#8221;h5&#8243; text_size=&#8221;fontsize-128386&#8243; uncode_shortcode_id=&#8221;700260&#8243;]<a href=\"https:\/\/www.aubert-hug.ch\/en\/mediation\/\" target=\"_blank\" rel=\"noopener noreferrer\">Mediation<\/a><\/p>\n<p><a href=\"https:\/\/www.aubert-hug.ch\/en\/civil-law\/#mariageetdivorce\" target=\"_blank\" rel=\"noopener noreferrer\">Marriage and divorce<\/a><\/p>\n<p><a href=\"https:\/\/www.aubert-hug.ch\/en\/civil-law\/#voisinage\" target=\"_blank\" rel=\"noopener noreferrer\">Voisinage<\/a><\/p>\n<p>[\/vc_custom_heading][\/vc_column_inner][vc_column_inner column_width_percent=&#8221;100&#8243; gutter_size=&#8221;3&#8243; overlay_alpha=&#8221;50&#8243; shift_x=&#8221;-4&#8243; shift_y=&#8221;0&#8243; shift_y_down=&#8221;0&#8243; z_index=&#8221;0&#8243; medium_width=&#8221;4&#8243; mobile_width=&#8221;0&#8243; width=&#8221;1\/2&#8243; uncode_shortcode_id=&#8221;129743&#8243;][vc_custom_heading heading_semantic=&#8221;h5&#8243; text_size=&#8221;fontsize-128386&#8243; uncode_shortcode_id=&#8221;173903&#8243;]<a href=\"https:\/\/www.aubert-hug.ch\/en\/civil-law\/#travail\" target=\"_blank\" rel=\"noopener noreferrer\">Employment<\/a><\/p>\n<p>Juvenile criminal justice<\/p>\n<p>Droit de l&#8217;enfant[\/vc_custom_heading][\/vc_column_inner][\/vc_row_inner][\/vc_column][vc_column column_width_percent=&#8221;100&#8243; position_horizontal=&#8221;right&#8221; gutter_size=&#8221;3&#8243; override_padding=&#8221;yes&#8221; column_padding=&#8221;0&#8243; overlay_alpha=&#8221;50&#8243; shift_x=&#8221;2&#8243; shift_y=&#8221;-2&#8243; shift_y_down=&#8221;0&#8243; z_index=&#8221;0&#8243; medium_width=&#8221;4&#8243; mobile_width=&#8221;0&#8243; width=&#8221;1\/3&#8243; uncode_shortcode_id=&#8221;826624&#8243;][vc_single_image media=&#8221;74734&#8243; media_width_percent=&#8221;70&#8243; uncode_shortcode_id=&#8221;207999&#8243;][vc_custom_heading heading_semantic=&#8221;h4&#8243; text_size=&#8221;fontsize-194182&#8243; el_class=&#8221;newSpace&#8221; uncode_shortcode_id=&#8221;830053&#8243;]<\/p>\n<p style=\"margin-left: 5px; margin-top: 0px;\">Mr Oriane Aubert<\/p>\n<p>[\/vc_custom_heading][vc_custom_heading text_size=&#8221;fontsize-153024&#8243; el_class=&#8221;newSpace2&#8243; uncode_shortcode_id=&#8221;164109&#8243;]<\/p>\n<p style=\"color: #777777; font-size: 12px; margin-left: 5px;\">Admitted to the Neuch\u00e2tel bar<\/p>\n<p>[\/vc_custom_heading][vc_empty_space empty_h=&#8221;1&#8243;][vc_custom_heading text_size=&#8221;fontsize-153024&#8243; el_class=&#8221;newSpace3&#8243; uncode_shortcode_id=&#8221;897265&#8243;]<\/p>\n<p style=\"color: #777777; font-size: 12px; margin-left: 5px;\">oriane.aubert@a2l.ch<\/p>\n<p>[\/vc_custom_heading][vc_custom_heading text_size=&#8221;fontsize-153024&#8243; el_class=&#8221;newSpace2&#8243; uncode_shortcode_id=&#8221;115217&#8243;]<\/p>\n<p style=\"color: #777777; font-size: 12px; margin-left: 5px;\"><a href=\"tel:+41327512050\"><span style=\"color: #777777;\">T 032 751 20 50<\/span><\/a><\/p>\n<p>[\/vc_custom_heading][vc_button border_width=&#8221;0&#8243; el_class=&#8221;btnauberthug&#8221; link=&#8221;url:mailto%3Aoriane.aubert%40a2l.ch|&#8221; uncode_shortcode_id=&#8221;205201&#8243;]CONTACT ME[\/vc_button][\/vc_column][\/vc_row][vc_row row_height_percent=&#8221;0&#8243; override_padding=&#8221;yes&#8221; h_padding=&#8221;2&#8243; top_padding=&#8221;0&#8243; bottom_padding=&#8221;2&#8243; overlay_alpha=&#8221;50&#8243; gutter_size=&#8221;3&#8243; column_width_percent=&#8221;100&#8243; shift_y=&#8221;0&#8243; z_index=&#8221;0&#8243; desktop_visibility=&#8221;yes&#8221; mobile_visibility=&#8221;yes&#8221; css=&#8221;.vc_custom_1636017644659{margin-top: 15px !important;}&#8221; uncode_shortcode_id=&#8221;451698&#8243;][vc_column column_width_percent=&#8221;100&#8243; position_vertical=&#8221;bottom&#8221; gutter_size=&#8221;3&#8243; overlay_alpha=&#8221;50&#8243; shift_x=&#8221;0&#8243; shift_y=&#8221;0&#8243; shift_y_down=&#8221;0&#8243; z_index=&#8221;0&#8243; medium_width=&#8221;4&#8243; mobile_width=&#8221;0&#8243; width=&#8221;2\/3&#8243; uncode_shortcode_id=&#8221;170037&#8243;][vc_column_text uncode_shortcode_id=&#8221;840166&#8243;]<span class=\"font-860899\" style=\"color: #000000; font-size: 13px;\">After her university studies, Me Oriane Aubert successfully passed the Bar Exam in Neuch\u00e2tel in July 2016. She then worked at the <a href=\"https:\/\/fr.ombudscom.ch\/\">Ombudscom<\/a> (Ombudsman in relation to telecommunications) and was then employed by the Federal Tax Administration (<a href=\"https:\/\/www.estv.admin.ch\/estv\/fr\/home.html\">FTA<\/a>) from January 2017 until July 2021, when she joined Etude Aubert-Hug as a Partner. <\/span><\/p>\n<p><span class=\"font-860899\" style=\"color: #000000; font-size: 13px;\">Me Oriane Aubert also graduated with a CAS and CAS+ in mediation from Fribourg University, and is currently an FSM (F\u00e9d\u00e9ration Suisse de M\u00e9diation)-recognized mediator. She is also a Member of the Neuch\u00e2tel\u2019s mediation association M\u00e9diaNe\u2019s committee <a href=\"https:\/\/www.medialogue.ch\/\">M\u00e9diaNe<\/a> therefore being actively involved in the promotion of the mediation in Neuch\u00e2tel.<\/span><\/p>\n<p><span class=\"font-860899\" style=\"color: #000000; font-size: 13px;\">Me Oriane Aubert works in parallel as a school mediator at the Ecole sup\u00e9rieure de Commerce in La Neuveville (BE), where she interacts, among others, with teenagers and young adults, in particular in order to deal with possible conflicts that they may face in this respect.<\/span><\/p>\n<p><span class=\"font-860899\" style=\"color: #000000; font-size: 13px;\">As of 1 January 2024, Me Oriane Aubert joined the new structure A2L as a Partner of the Law Firm. <\/span>[\/vc_column_text][\/vc_column][vc_column column_width_percent=&#8221;100&#8243; position_horizontal=&#8221;right&#8221; position_vertical=&#8221;bottom&#8221; gutter_size=&#8221;3&#8243; override_padding=&#8221;yes&#8221; column_padding=&#8221;0&#8243; overlay_alpha=&#8221;50&#8243; shift_x=&#8221;2&#8243; shift_y=&#8221;-2&#8243; shift_y_down=&#8221;0&#8243; z_index=&#8221;0&#8243; medium_width=&#8221;4&#8243; mobile_width=&#8221;0&#8243; width=&#8221;1\/3&#8243; uncode_shortcode_id=&#8221;420310&#8243;][vc_single_image media=&#8221;74734&#8243; media_width_percent=&#8221;70&#8243; uncode_shortcode_id=&#8221;207999&#8243;][\/vc_column][\/vc_row][vc_row row_height_percent=&#8221;0&#8243; override_padding=&#8221;yes&#8221; h_padding=&#8221;2&#8243; top_padding=&#8221;0&#8243; bottom_padding=&#8221;3&#8243; overlay_alpha=&#8221;50&#8243; gutter_size=&#8221;3&#8243; column_width_percent=&#8221;100&#8243; shift_y=&#8221;0&#8243; z_index=&#8221;0&#8243; desktop_visibility=&#8221;yes&#8221; mobile_visibility=&#8221;yes&#8221; css=&#8221;.vc_custom_1636017628017{margin-top: 15px !important;}&#8221; uncode_shortcode_id=&#8221;939428&#8243;][vc_column column_width_percent=&#8221;100&#8243; gutter_size=&#8221;3&#8243; overlay_alpha=&#8221;50&#8243; shift_x=&#8221;0&#8243; shift_y=&#8221;0&#8243; shift_y_down=&#8221;0&#8243; z_index=&#8221;0&#8243; medium_width=&#8221;4&#8243; mobile_width=&#8221;0&#8243; width=&#8221;2\/3&#8243; uncode_shortcode_id=&#8221;276447&#8243;][vc_custom_heading text_font=&#8221;font-689993&#8243; text_size=&#8221;fontsize-561701&#8243; uncode_shortcode_id=&#8221;170636&#8243;]Areas of Expertise[\/vc_custom_heading][vc_row_inner row_inner_height_percent=&#8221;0&#8243; overlay_alpha=&#8221;50&#8243; gutter_size=&#8221;3&#8243; shift_y=&#8221;0&#8243; z_index=&#8221;0&#8243; css=&#8221;.vc_custom_1542285681292{margin-top: 10px !important;}&#8221;][vc_column_inner column_width_percent=&#8221;100&#8243; gutter_size=&#8221;3&#8243; overlay_alpha=&#8221;50&#8243; shift_x=&#8221;0&#8243; shift_y=&#8221;0&#8243; shift_y_down=&#8221;0&#8243; z_index=&#8221;0&#8243; medium_width=&#8221;4&#8243; mobile_width=&#8221;0&#8243; width=&#8221;1\/2&#8243; uncode_shortcode_id=&#8221;177430&#8243;][vc_custom_heading heading_semantic=&#8221;h5&#8243; text_size=&#8221;fontsize-128386&#8243; uncode_shortcode_id=&#8221;263804&#8243;]<a href=\"https:\/\/www.aubert-hug.ch\/en\/mediation\/\" target=\"_blank\" rel=\"noopener noreferrer\">Mediation<\/a><\/p>\n<p><a href=\"https:\/\/www.aubert-hug.ch\/en\/civil-law\/#mariageetdivorce\" target=\"_blank\" rel=\"noopener noreferrer\">Marriage and divorce<\/a><\/p>\n<p><a href=\"https:\/\/www.aubert-hug.ch\/en\/civil-law\/#voisinage\" target=\"_blank\" rel=\"noopener noreferrer\">Voisinage<\/a><\/p>\n<p>[\/vc_custom_heading][\/vc_column_inner][vc_column_inner column_width_percent=&#8221;100&#8243; gutter_size=&#8221;3&#8243; overlay_alpha=&#8221;50&#8243; shift_x=&#8221;-4&#8243; shift_y=&#8221;0&#8243; shift_y_down=&#8221;0&#8243; z_index=&#8221;0&#8243; medium_width=&#8221;4&#8243; mobile_width=&#8221;0&#8243; width=&#8221;1\/2&#8243; uncode_shortcode_id=&#8221;129743&#8243;][vc_custom_heading heading_semantic=&#8221;h5&#8243; text_size=&#8221;fontsize-128386&#8243; uncode_shortcode_id=&#8221;106463&#8243;]<a href=\"https:\/\/www.aubert-hug.ch\/en\/civil-law\/#travail\" target=\"_blank\" rel=\"noopener noreferrer\">Employment<\/a><\/p>\n<p>Juvenile criminal justice<\/p>\n<p>Droit de l&#8217;enfant[\/vc_custom_heading][\/vc_column_inner][\/vc_row_inner][\/vc_column][vc_column column_width_percent=&#8221;100&#8243; position_horizontal=&#8221;right&#8221; gutter_size=&#8221;3&#8243; override_padding=&#8221;yes&#8221; column_padding=&#8221;0&#8243; overlay_alpha=&#8221;50&#8243; shift_x=&#8221;2&#8243; shift_y=&#8221;-2&#8243; shift_y_down=&#8221;0&#8243; z_index=&#8221;0&#8243; medium_width=&#8221;4&#8243; mobile_width=&#8221;0&#8243; width=&#8221;1\/3&#8243; uncode_shortcode_id=&#8221;143639&#8243;][vc_empty_space empty_h=&#8221;0&#8243;][vc_custom_heading heading_semantic=&#8221;h4&#8243; text_size=&#8221;fontsize-194182&#8243; el_class=&#8221;newSpace&#8221; uncode_shortcode_id=&#8221;830053&#8243;]<\/p>\n<p style=\"margin-left: 5px; margin-top: 0px;\">Mr Oriane Aubert<\/p>\n<p>[\/vc_custom_heading][vc_custom_heading text_size=&#8221;fontsize-153024&#8243; el_class=&#8221;newSpace2&#8243; uncode_shortcode_id=&#8221;164109&#8243;]<\/p>\n<p style=\"color: #777777; font-size: 12px; margin-left: 5px;\">Admitted to the Neuch\u00e2tel bar<\/p>\n<p>[\/vc_custom_heading][vc_empty_space empty_h=&#8221;1&#8243;][vc_custom_heading text_size=&#8221;fontsize-153024&#8243; el_class=&#8221;newSpace3&#8243; uncode_shortcode_id=&#8221;190947&#8243;]<\/p>\n<p style=\"color: #777777; font-size: 12px; margin-left: 5px;\">oriane.aubert@a2l.ch<\/p>\n<p>[\/vc_custom_heading][vc_custom_heading text_size=&#8221;fontsize-153024&#8243; el_class=&#8221;newSpace2&#8243; uncode_shortcode_id=&#8221;115217&#8243;]<\/p>\n<p style=\"color: #777777; font-size: 12px; margin-left: 5px;\"><a href=\"tel:+41327512050\"><span style=\"color: #777777;\">T 032 751 20 50<\/span><\/a><\/p>\n<p>[\/vc_custom_heading][vc_button border_width=&#8221;0&#8243; el_class=&#8221;btnauberthug&#8221; link=&#8221;url:mailto%3Aoriane.aubert%40a2l.ch|&#8221; uncode_shortcode_id=&#8221;124641&#8243;]CONTACT ME[\/vc_button][\/vc_column][\/vc_row][vc_row row_height_percent=&#8221;0&#8243; override_padding=&#8221;yes&#8221; h_padding=&#8221;2&#8243; top_padding=&#8221;0&#8243; bottom_padding=&#8221;0&#8243; overlay_alpha=&#8221;50&#8243; gutter_size=&#8221;3&#8243; column_width_percent=&#8221;100&#8243; shift_y=&#8221;0&#8243; z_index=&#8221;0&#8243; desktop_visibility=&#8221;yes&#8221; medium_visibility=&#8221;yes&#8221; css=&#8221;.vc_custom_1636018808170{margin-top: 15px !important;}&#8221; uncode_shortcode_id=&#8221;137784&#8243;][vc_column column_width_percent=&#8221;100&#8243; gutter_size=&#8221;3&#8243; overlay_alpha=&#8221;50&#8243; shift_x=&#8221;0&#8243; shift_y=&#8221;0&#8243; shift_y_down=&#8221;0&#8243; z_index=&#8221;0&#8243; medium_width=&#8221;0&#8243; align_mobile=&#8221;align_left_mobile&#8221; mobile_width=&#8221;0&#8243; width=&#8221;1\/1&#8243;][vc_column_text uncode_shortcode_id=&#8221;203852&#8243;]<span class=\"font-860899\" style=\"color: #000000; font-size: 13px;\">After her university studies, Me Oriane Aubert successfully passed the Bar Exam in Neuch\u00e2tel in July 2016. She then worked at the <a href=\"https:\/\/fr.ombudscom.ch\/\">Ombudscom<\/a> (Ombudsman in relation to telecommunications) and was then employed by the Federal Tax Administration (<a href=\"https:\/\/www.estv.admin.ch\/estv\/fr\/home.html\">FTA<\/a>) from January 2017 until July 2021, when she joined Etude Aubert-Hug as a Partner. <\/span><\/p>\n<p><span class=\"font-860899\" style=\"color: #000000; font-size: 13px;\">Me Oriane Aubert also graduated with a CAS and CAS+ in mediation from Fribourg University, and is currently an FSM (F\u00e9d\u00e9ration Suisse de M\u00e9diation)-recognized mediator. She is also a Member of the Neuch\u00e2tel\u2019s mediation association M\u00e9diaNe\u2019s committee <a href=\"https:\/\/www.medialogue.ch\/\">M\u00e9diaNe<\/a> therefore being actively involved in the promotion of the mediation in Neuch\u00e2tel.<\/span><\/p>\n<p><span class=\"font-860899\" style=\"color: #000000; font-size: 13px;\">Me Oriane Aubert works in parallel as a school mediator at the Ecole sup\u00e9rieure de Commerce in La Neuveville (BE), where she interacts, among others, with teenagers and young adults, in particular in order to deal with possible conflicts that they may face in this respect.<\/span><\/p>\n<p><span class=\"font-860899\" style=\"color: #000000; font-size: 13px;\">As of 1 January 2024, Me Oriane Aubert joined the new structure A2L as a Partner of the Law Firm. <\/span>[\/vc_column_text][\/vc_column][\/vc_row][vc_row row_height_percent=&#8221;0&#8243; override_padding=&#8221;yes&#8221; h_padding=&#8221;2&#8243; top_padding=&#8221;0&#8243; bottom_padding=&#8221;0&#8243; overlay_alpha=&#8221;50&#8243; gutter_size=&#8221;3&#8243; column_width_percent=&#8221;100&#8243; shift_y=&#8221;0&#8243; z_index=&#8221;0&#8243; desktop_visibility=&#8221;yes&#8221; medium_visibility=&#8221;yes&#8221; css=&#8221;.vc_custom_1636018813972{margin-top: 30px !important;}&#8221; uncode_shortcode_id=&#8221;829603&#8243;][vc_column width=&#8221;1\/1&#8243;][vc_single_image media=&#8221;74734&#8243; media_width_percent=&#8221;70&#8243; uncode_shortcode_id=&#8221;207999&#8243;][vc_custom_heading heading_semantic=&#8221;h4&#8243; text_size=&#8221;fontsize-194182&#8243; el_class=&#8221;newSpace&#8221; uncode_shortcode_id=&#8221;137816&#8243;]Mr Oriane Aubert[\/vc_custom_heading][vc_custom_heading text_size=&#8221;fontsize-153024&#8243; el_class=&#8221;newSpace2&#8243; uncode_shortcode_id=&#8221;142596&#8243;]<\/p>\n<p style=\"color: #777777; font-size: 12px;\">Admitted to the Neuch\u00e2tel bar<\/p>\n<p>[\/vc_custom_heading][vc_empty_space empty_h=&#8221;1&#8243;][vc_custom_heading text_size=&#8221;fontsize-153024&#8243; el_class=&#8221;newSpace3&#8243; uncode_shortcode_id=&#8221;211830&#8243;]<\/p>\n<p style=\"color: #777777; font-size: 12px; margin-left: 5px;\">oriane.aubert@a2l.ch<\/p>\n<p>[\/vc_custom_heading][vc_custom_heading text_size=&#8221;fontsize-153024&#8243; el_class=&#8221;newSpace2&#8243;]<\/p>\n<p style=\"color: #777777; font-size: 12px;\">T 032 751 20 50<\/p>\n<p>[\/vc_custom_heading][vc_button border_width=&#8221;0&#8243; el_class=&#8221;btnauberthug&#8221; link=&#8221;url:mailto%3Aoriane.aubert%40a2l.ch|&#8221; uncode_shortcode_id=&#8221;139873&#8243;]CONTACT ME[\/vc_button][\/vc_column][\/vc_row][vc_row row_height_percent=&#8221;0&#8243; override_padding=&#8221;yes&#8221; h_padding=&#8221;2&#8243; top_padding=&#8221;2&#8243; bottom_padding=&#8221;0&#8243; overlay_alpha=&#8221;50&#8243; gutter_size=&#8221;3&#8243; column_width_percent=&#8221;100&#8243; shift_y=&#8221;0&#8243; z_index=&#8221;0&#8243; desktop_visibility=&#8221;yes&#8221; medium_visibility=&#8221;yes&#8221; uncode_shortcode_id=&#8221;818961&#8243;][vc_column width=&#8221;1\/1&#8243;][vc_custom_heading text_font=&#8221;font-689993&#8243; text_size=&#8221;fontsize-561701&#8243; uncode_shortcode_id=&#8221;757791&#8243;]Areas of Expertise[\/vc_custom_heading][\/vc_column][\/vc_row][vc_row row_height_percent=&#8221;0&#8243; override_padding=&#8221;yes&#8221; h_padding=&#8221;2&#8243; top_padding=&#8221;0&#8243; bottom_padding=&#8221;2&#8243; overlay_alpha=&#8221;50&#8243; gutter_size=&#8221;3&#8243; column_width_percent=&#8221;100&#8243; shift_y=&#8221;0&#8243; z_index=&#8221;0&#8243; desktop_visibility=&#8221;yes&#8221; medium_visibility=&#8221;yes&#8221; css=&#8221;.vc_custom_1636018825869{margin-top: 15px !important;}&#8221; uncode_shortcode_id=&#8221;889465&#8243;][vc_column width=&#8221;1\/1&#8243;][vc_custom_heading heading_semantic=&#8221;h5&#8243; text_size=&#8221;fontsize-128386&#8243; uncode_shortcode_id=&#8221;172991&#8243;]<a href=\"https:\/\/www.aubert-hug.ch\/en\/mediation\/\" target=\"_blank\" rel=\"noopener noreferrer\">Mediation<\/a><\/p>\n<p><a href=\"https:\/\/www.aubert-hug.ch\/en\/civil-law\/#mariageetdivorce\" target=\"_blank\" rel=\"noopener noreferrer\">Marriage and divorce<\/a><\/p>\n<p><a href=\"https:\/\/www.aubert-hug.ch\/en\/civil-law\/#voisinage\" target=\"_blank\" rel=\"noopener noreferrer\">Voisinage<\/a><\/p>\n<p><a href=\"https:\/\/www.aubert-hug.ch\/en\/civil-law\/#travail\" target=\"_blank\" rel=\"noopener noreferrer\">Travail<\/a><\/p>\n<p><a href=\"https:\/\/www.aubert-hug.ch\/en\/civil-law\/#successions\" target=\"_blank\" rel=\"noopener noreferrer\">Successions<\/a><\/p>\n<p>Juvenile criminal justice<\/p>\n<p>Children&#8217;s rights[\/vc_custom_heading][\/vc_column][\/vc_row]<\/p>\n<\/div>","protected":false},"excerpt":{"rendered":"<p>[vc_row row_height_percent=&#8221;0&#8243; override_padding=&#8221;yes&#8221; h_padding=&#8221;2&#8243; top_padding=&#8221;0&#8243; bottom_padding=&#8221;0&#8243; overlay_alpha=&#8221;50&#8243; gutter_size=&#8221;3&#8243; column_width_percent=&#8221;100&#8243; shift_y=&#8221;0&#8243; z_index=&#8221;0&#8243; css=&#8221;.vc_custom_1636024643056{margin-top: 50px !important;margin-bottom: 15px !important;}&#8221; row_name=&#8221;image index&#8221; uncode_shortcode_id=&#8221;160216&#8243;][vc_column width=&#8221;2\/3&#8243;][vc_custom_heading [&hellip;]<\/p>\n","protected":false},"author":3,"featured_media":0,"parent":0,"menu_order":0,"comment_status":"closed","ping_status":"closed","template":"","meta":{"footnotes":""},"class_list":["post-75464","page","type-page","status-publish","hentry"],"_links":{"self":[{"href":"https:\/\/www.a2l.ch\/en\/wp-json\/wp\/v2\/pages\/75464","targetHints":{"allow":["GET"]}}],"collection":[{"href":"https:\/\/www.a2l.ch\/en\/wp-json\/wp\/v2\/pages"}],"about":[{"href":"https:\/\/www.a2l.ch\/en\/wp-json\/wp\/v2\/types\/page"}],"author":[{"embeddable":true,"href":"https:\/\/www.a2l.ch\/en\/wp-json\/wp\/v2\/users\/3"}],"replies":[{"embeddable":true,"href":"https:\/\/www.a2l.ch\/en\/wp-json\/wp\/v2\/comments?post=75464"}],"version-history":[{"count":26,"href":"https:\/\/www.a2l.ch\/en\/wp-json\/wp\/v2\/pages\/75464\/revisions"}],"predecessor-version":[{"id":75900,"href":"https:\/\/www.a2l.ch\/en\/wp-json\/wp\/v2\/pages\/75464\/revisions\/75900"}],"wp:attachment":[{"href":"https:\/\/www.a2l.ch\/en\/wp-json\/wp\/v2\/media?parent=75464"}],"curies":[{"name":"wp","href":"https:\/\/api.w.org\/{rel}","templated":true}]}}